{"id":11,"date":"2023-09-16T16:09:02","date_gmt":"2023-09-16T16:09:02","guid":{"rendered":"http:\/\/solimcol.com\/index.php\/cart\/"},"modified":"2026-03-26T21:33:55","modified_gmt":"2026-03-26T21:33:55","slug":"cart","status":"publish","type":"page","link":"https:\/\/solimcol.com\/index.php\/cart\/","title":{"rendered":"\u00a1Qu\u00e9 Hacemos!"},"content":{"rendered":"\t\t<div data-elementor-type=\"wp-page\" data-elementor-id=\"11\" class=\"elementor elementor-11\">\n\t\t\t\t\t\t\t<div class=\"elementor-element elementor-element-1f880b45 e-con-full e-flex e-con e-parent\" data-id=\"1f880b45\" data-element_type=\"container\" data-settings=\"{&quot;background_background&quot;:&quot;classic&quot;,&quot;content_width&quot;:&quot;full&quot;}\" data-core-v316-plus=\"true\">\n\t\t\t\t<div class=\"elementor-element elementor-element-326b197a elementor-widget elementor-widget-image\" data-id=\"326b197a\" data-element_type=\"widget\" data-widget_type=\"image.default\">\n\t\t\t\t<div class=\"elementor-widget-container\">\n\t\t\t<style>\/*! elementor - v3.17.0 - 08-11-2023 *\/\n.elementor-widget-image{text-align:center}.elementor-widget-image a{display:inline-block}.elementor-widget-image a img[src$=\".svg\"]{width:48px}.elementor-widget-image img{vertical-align:middle;display:inline-block}<\/style>\t\t\t\t\t\t\t\t\t\t\t\t<img fetchpriority=\"high\" decoding=\"async\" width=\"300\" height=\"224\" src=\"https:\/\/solimcol.com\/wp-content\/uploads\/2024\/01\/Recurso-19@3x-300x224.png\" class=\"attachment-medium size-medium wp-image-552\" alt=\"\" srcset=\"https:\/\/solimcol.com\/wp-content\/uploads\/2024\/01\/Recurso-19@3x-300x224.png 300w, https:\/\/solimcol.com\/wp-content\/uploads\/2024\/01\/Recurso-19@3x-1024x763.png 1024w, https:\/\/solimcol.com\/wp-content\/uploads\/2024\/01\/Recurso-19@3x-768x573.png 768w, https:\/\/solimcol.com\/wp-content\/uploads\/2024\/01\/Recurso-19@3x-1536x1145.png 1536w, https:\/\/solimcol.com\/wp-content\/uploads\/2024\/01\/Recurso-19@3x-600x447.png 600w, https:\/\/solimcol.com\/wp-content\/uploads\/2024\/01\/Recurso-19@3x.png 1922w\" sizes=\"(max-width: 300px) 100vw, 300px\" \/>\t\t\t\t\t\t\t\t\t\t\t\t\t\t\t<\/div>\n\t\t\t\t<\/div>\n\t\t<div class=\"elementor-element elementor-element-19cc300e e-con-full e-flex e-con e-child\" data-id=\"19cc300e\" data-element_type=\"container\" data-settings=\"{&quot;content_width&quot;:&quot;full&quot;}\">\n\t\t\t\t<div class=\"elementor-element elementor-element-1c38f879 animated-slow elementor-invisible elementor-widget elementor-widget-heading\" data-id=\"1c38f879\" data-element_type=\"widget\" data-settings=\"{&quot;_animation&quot;:&quot;slideInUp&quot;}\" data-widget_type=\"heading.default\">\n\t\t\t\t<div class=\"elementor-widget-container\">\n\t\t\t<style>\/*! elementor - v3.17.0 - 08-11-2023 *\/\n.elementor-heading-title{padding:0;margin:0;line-height:1}.elementor-widget-heading .elementor-heading-title[class*=elementor-size-]>a{color:inherit;font-size:inherit;line-height:inherit}.elementor-widget-heading .elementor-heading-title.elementor-size-small{font-size:15px}.elementor-widget-heading .elementor-heading-title.elementor-size-medium{font-size:19px}.elementor-widget-heading .elementor-heading-title.elementor-size-large{font-size:29px}.elementor-widget-heading .elementor-heading-title.elementor-size-xl{font-size:39px}.elementor-widget-heading .elementor-heading-title.elementor-size-xxl{font-size:59px}<\/style><h2 class=\"elementor-heading-title elementor-size-default\">Misi\u00f3n<\/h2>\t\t<\/div>\n\t\t\t\t<\/div>\n\t\t\t\t<div class=\"elementor-element elementor-element-17192e94 animated-slow elementor-invisible elementor-widget elementor-widget-heading\" data-id=\"17192e94\" data-element_type=\"widget\" data-settings=\"{&quot;_animation&quot;:&quot;slideInUp&quot;}\" data-widget_type=\"heading.default\">\n\t\t\t\t<div class=\"elementor-widget-container\">\n\t\t\t<h2 class=\"elementor-heading-title elementor-size-default\">\u00a1Hacemos Un Cliente, No Una Venta! <\/h2>\t\t<\/div>\n\t\t\t\t<\/div>\n\t\t\t\t<div class=\"elementor-element elementor-element-15e94ef3 elementor-widget elementor-widget-text-editor\" data-id=\"15e94ef3\" data-element_type=\"widget\" data-widget_type=\"text-editor.default\">\n\t\t\t\t<div class=\"elementor-widget-container\">\n\t\t\t<style>\/*! elementor - v3.17.0 - 08-11-2023 *\/\n.elementor-widget-text-editor.elementor-drop-cap-view-stacked .elementor-drop-cap{background-color:#69727d;color:#fff}.elementor-widget-text-editor.elementor-drop-cap-view-framed .elementor-drop-cap{color:#69727d;border:3px solid;background-color:transparent}.elementor-widget-text-editor:not(.elementor-drop-cap-view-default) .elementor-drop-cap{margin-top:8px}.elementor-widget-text-editor:not(.elementor-drop-cap-view-default) .elementor-drop-cap-letter{width:1em;height:1em}.elementor-widget-text-editor .elementor-drop-cap{float:left;text-align:center;line-height:1;font-size:50px}.elementor-widget-text-editor .elementor-drop-cap-letter{display:inline-block}<\/style>\t\t\t\t<p><strong>SOLIMCOL\u00a0<\/strong>es una empresa dedicada a la comercializaci\u00f3n de <strong>productos para el aseo en ambientes de la industria, instituciones y el hogar,<\/strong> con excelente calidad y tecnolog\u00eda, buscando sobrepasar las expectativas de los clientes; para ello cuenta con una cultura de mejoramiento continuo, un talento humano capacitado y comprometido, que permita obtener una satisfacci\u00f3n total en nuestros clientes bajo nuestro lema.<\/p>\t\t\t\t\t\t<\/div>\n\t\t\t\t<\/div>\n\t\t\t\t<\/div>\n\t\t\t\t<\/div>\n\t\t<div class=\"elementor-element elementor-element-fc4737c e-con-full e-flex e-con e-parent\" data-id=\"fc4737c\" data-element_type=\"container\" data-settings=\"{&quot;background_background&quot;:&quot;classic&quot;,&quot;content_width&quot;:&quot;full&quot;}\" data-core-v316-plus=\"true\">\n\t\t<div class=\"elementor-element elementor-element-c8d805b e-con-full e-flex e-con e-child\" data-id=\"c8d805b\" data-element_type=\"container\" data-settings=\"{&quot;content_width&quot;:&quot;full&quot;}\">\n\t\t\t\t<div class=\"elementor-element elementor-element-218b640 animated-slow elementor-invisible elementor-widget elementor-widget-heading\" data-id=\"218b640\" data-element_type=\"widget\" data-settings=\"{&quot;_animation&quot;:&quot;slideInUp&quot;}\" data-widget_type=\"heading.default\">\n\t\t\t\t<div class=\"elementor-widget-container\">\n\t\t\t<h2 class=\"elementor-heading-title elementor-size-default\">Visi\u00f3n<\/h2>\t\t<\/div>\n\t\t\t\t<\/div>\n\t\t\t\t<div class=\"elementor-element elementor-element-ab9bf68 animated-slow elementor-invisible elementor-widget elementor-widget-heading\" data-id=\"ab9bf68\" data-element_type=\"widget\" data-settings=\"{&quot;_animation&quot;:&quot;slideInUp&quot;}\" data-widget_type=\"heading.default\">\n\t\t\t\t<div class=\"elementor-widget-container\">\n\t\t\t<h2 class=\"elementor-heading-title elementor-size-default\">Para el a\u00f1o 2040 SOLIMCOL S.A.S. <\/h2>\t\t<\/div>\n\t\t\t\t<\/div>\n\t\t\t\t<div class=\"elementor-element elementor-element-599e73a elementor-widget elementor-widget-text-editor\" data-id=\"599e73a\" data-element_type=\"widget\" data-widget_type=\"text-editor.default\">\n\t\t\t\t<div class=\"elementor-widget-container\">\n\t\t\t\t\t\t\t<p>Para el <strong>a\u00f1o 2040 SOLIMCOL\u00a0<\/strong>ser\u00e1 una de las empresas del sector, con un reconocimiento a nivel nacional por un alto est\u00e1ndar de la calidad de nuestros productos y comercializaci\u00f3n, como tambi\u00e9n un excelente respaldo en la prestaci\u00f3n de nuestros servicios, <strong>fortaleci\u00e9ndonos en los sectores de transporte, institucional, energ\u00e9tico y automotriz.<\/strong><\/p>\t\t\t\t\t\t<\/div>\n\t\t\t\t<\/div>\n\t\t\t\t<\/div>\n\t\t\t\t<div class=\"elementor-element elementor-element-e81561c elementor-widget elementor-widget-image\" data-id=\"e81561c\" data-element_type=\"widget\" data-widget_type=\"image.default\">\n\t\t\t\t<div class=\"elementor-widget-container\">\n\t\t\t\t\t\t\t\t\t\t\t\t\t\t\t<img decoding=\"async\" width=\"300\" height=\"200\" src=\"https:\/\/solimcol.com\/wp-content\/uploads\/2024\/03\/Captura-de-pantalla-2024-03-06-a-las-8.41.07\u202fp.-m-300x200.png\" class=\"attachment-medium size-medium wp-image-569\" alt=\"\" srcset=\"https:\/\/solimcol.com\/wp-content\/uploads\/2024\/03\/Captura-de-pantalla-2024-03-06-a-las-8.41.07\u202fp.-m-300x200.png 300w, https:\/\/solimcol.com\/wp-content\/uploads\/2024\/03\/Captura-de-pantalla-2024-03-06-a-las-8.41.07\u202fp.-m-1024x683.png 1024w, https:\/\/solimcol.com\/wp-content\/uploads\/2024\/03\/Captura-de-pantalla-2024-03-06-a-las-8.41.07\u202fp.-m-768x513.png 768w, https:\/\/solimcol.com\/wp-content\/uploads\/2024\/03\/Captura-de-pantalla-2024-03-06-a-las-8.41.07\u202fp.-m-1536x1025.png 1536w, https:\/\/solimcol.com\/wp-content\/uploads\/2024\/03\/Captura-de-pantalla-2024-03-06-a-las-8.41.07\u202fp.-m-600x400.png 600w, https:\/\/solimcol.com\/wp-content\/uploads\/2024\/03\/Captura-de-pantalla-2024-03-06-a-las-8.41.07\u202fp.-m.png 1714w\" sizes=\"(max-width: 300px) 100vw, 300px\" \/>\t\t\t\t\t\t\t\t\t\t\t\t\t\t\t<\/div>\n\t\t\t\t<\/div>\n\t\t\t\t<\/div>\n\t\t<div class=\"elementor-element elementor-element-84a861d e-con-full e-flex e-con e-parent\" data-id=\"84a861d\" data-element_type=\"container\" data-settings=\"{&quot;background_background&quot;:&quot;classic&quot;,&quot;content_width&quot;:&quot;full&quot;}\" data-core-v316-plus=\"true\">\n\t\t\t\t<div class=\"elementor-element elementor-element-c8b1ddc elementor-widget elementor-widget-image\" data-id=\"c8b1ddc\" data-element_type=\"widget\" data-widget_type=\"image.default\">\n\t\t\t\t<div class=\"elementor-widget-container\">\n\t\t\t\t\t\t\t\t\t\t\t\t\t\t\t<img decoding=\"async\" width=\"300\" height=\"200\" src=\"https:\/\/solimcol.com\/wp-content\/uploads\/2024\/12\/14-1-300x200.png\" class=\"attachment-medium size-medium wp-image-1170\" alt=\"\" srcset=\"https:\/\/solimcol.com\/wp-content\/uploads\/2024\/12\/14-1-300x200.png 300w, https:\/\/solimcol.com\/wp-content\/uploads\/2024\/12\/14-1-1024x683.png 1024w, https:\/\/solimcol.com\/wp-content\/uploads\/2024\/12\/14-1-768x512.png 768w, https:\/\/solimcol.com\/wp-content\/uploads\/2024\/12\/14-1-600x400.png 600w, https:\/\/solimcol.com\/wp-content\/uploads\/2024\/12\/14-1.png 1200w\" sizes=\"(max-width: 300px) 100vw, 300px\" \/>\t\t\t\t\t\t\t\t\t\t\t\t\t\t\t<\/div>\n\t\t\t\t<\/div>\n\t\t<div class=\"elementor-element elementor-element-7651727 e-con-full e-flex e-con e-child\" data-id=\"7651727\" data-element_type=\"container\" data-settings=\"{&quot;content_width&quot;:&quot;full&quot;}\">\n\t\t\t\t<div class=\"elementor-element elementor-element-2caef58 animated-slow elementor-invisible elementor-widget elementor-widget-heading\" data-id=\"2caef58\" data-element_type=\"widget\" data-settings=\"{&quot;_animation&quot;:&quot;slideInUp&quot;}\" data-widget_type=\"heading.default\">\n\t\t\t\t<div class=\"elementor-widget-container\">\n\t\t\t<h2 class=\"elementor-heading-title elementor-size-default\">Nuestra Trayectoria <\/h2>\t\t<\/div>\n\t\t\t\t<\/div>\n\t\t\t\t<div class=\"elementor-element elementor-element-e83c5ab elementor-widget elementor-widget-text-editor\" data-id=\"e83c5ab\" data-element_type=\"widget\" data-widget_type=\"text-editor.default\">\n\t\t\t\t<div class=\"elementor-widget-container\">\n\t\t\t\t\t\t\t<p>Desde nuestros comienzos hasta <strong>convertirnos en una de las empresas l\u00edderes del sector en Colombia,<\/strong> la historia de <strong>SOLIMCOL\u00a0<\/strong>es una de dedicaci\u00f3n, innovaci\u00f3n y compromiso con la excelencia. <strong>Fundada en el a\u00f1o 2014,<\/strong> nuestra empresa surgi\u00f3 con la visi\u00f3n de proporcionar <strong>soluciones de limpieza de calidad<\/strong> que satisficieran las necesidades de nuestros clientes y superaran sus expectativas.<\/p>\t\t\t\t\t\t<\/div>\n\t\t\t\t<\/div>\n\t\t\t\t<\/div>\n\t\t\t\t<\/div>\n\t\t<div class=\"elementor-element elementor-element-8903bd2 e-con-full e-flex e-con e-parent\" data-id=\"8903bd2\" data-element_type=\"container\" data-settings=\"{&quot;background_background&quot;:&quot;classic&quot;,&quot;content_width&quot;:&quot;full&quot;}\" data-core-v316-plus=\"true\">\n\t\t<div class=\"elementor-element elementor-element-f4483c4 e-con-full e-flex e-con e-child\" data-id=\"f4483c4\" data-element_type=\"container\" data-settings=\"{&quot;content_width&quot;:&quot;full&quot;}\">\n\t\t\t\t<div class=\"elementor-element elementor-element-3b666bf animated-slow elementor-invisible elementor-widget elementor-widget-heading\" data-id=\"3b666bf\" data-element_type=\"widget\" data-settings=\"{&quot;_animation&quot;:&quot;slideInUp&quot;}\" data-widget_type=\"heading.default\">\n\t\t\t\t<div class=\"elementor-widget-container\">\n\t\t\t<h2 class=\"elementor-heading-title elementor-size-default\">Or\u00edgenes y Fundaci\u00f3n<\/h2>\t\t<\/div>\n\t\t\t\t<\/div>\n\t\t\t\t<div class=\"elementor-element elementor-element-8b2c510 elementor-widget elementor-widget-text-editor\" data-id=\"8b2c510\" data-element_type=\"widget\" data-widget_type=\"text-editor.default\">\n\t\t\t\t<div class=\"elementor-widget-container\">\n\t\t\t\t\t\t\t<p>Todo comenz\u00f3 cuando <strong>Jaime Gamba,<\/strong> inspirado por su pasi\u00f3n por la limpieza y el servicio al cliente, decidi\u00f3 establecer <strong>SOLIMCOL <\/strong>con determinaci\u00f3n y esfuerzo, comenz\u00f3 a ofrecer productos de aseo y limpieza a peque\u00f1as empresas locales, construyendo as\u00ed los cimientos de lo que eventualmente se convertir\u00eda en una empresa l\u00edder en el sector.<\/p>\t\t\t\t\t\t<\/div>\n\t\t\t\t<\/div>\n\t\t\t\t<\/div>\n\t\t\t\t<div class=\"elementor-element elementor-element-93959c4 elementor-widget elementor-widget-image\" data-id=\"93959c4\" data-element_type=\"widget\" data-widget_type=\"image.default\">\n\t\t\t\t<div class=\"elementor-widget-container\">\n\t\t\t\t\t\t\t\t\t\t\t\t\t\t\t<img loading=\"lazy\" decoding=\"async\" width=\"300\" height=\"200\" src=\"https:\/\/solimcol.com\/wp-content\/uploads\/2024\/12\/96-300x200.png\" class=\"attachment-medium size-medium wp-image-1172\" alt=\"\" srcset=\"https:\/\/solimcol.com\/wp-content\/uploads\/2024\/12\/96-300x200.png 300w, https:\/\/solimcol.com\/wp-content\/uploads\/2024\/12\/96-1024x683.png 1024w, https:\/\/solimcol.com\/wp-content\/uploads\/2024\/12\/96-768x512.png 768w, https:\/\/solimcol.com\/wp-content\/uploads\/2024\/12\/96-600x400.png 600w, https:\/\/solimcol.com\/wp-content\/uploads\/2024\/12\/96.png 1200w\" sizes=\"(max-width: 300px) 100vw, 300px\" \/>\t\t\t\t\t\t\t\t\t\t\t\t\t\t\t<\/div>\n\t\t\t\t<\/div>\n\t\t\t\t<\/div>\n\t\t<div class=\"elementor-element elementor-element-52bdb94 e-con-full e-flex e-con e-parent\" data-id=\"52bdb94\" data-element_type=\"container\" data-settings=\"{&quot;background_background&quot;:&quot;classic&quot;,&quot;content_width&quot;:&quot;full&quot;}\" data-core-v316-plus=\"true\">\n\t\t\t\t<div class=\"elementor-element elementor-element-234b264 elementor-widget elementor-widget-image\" data-id=\"234b264\" data-element_type=\"widget\" data-widget_type=\"image.default\">\n\t\t\t\t<div class=\"elementor-widget-container\">\n\t\t\t\t\t\t\t\t\t\t\t\t\t\t\t<img loading=\"lazy\" decoding=\"async\" width=\"300\" height=\"200\" src=\"https:\/\/solimcol.com\/wp-content\/uploads\/2024\/12\/77-300x200.png\" class=\"attachment-medium size-medium wp-image-1173\" alt=\"\" srcset=\"https:\/\/solimcol.com\/wp-content\/uploads\/2024\/12\/77-300x200.png 300w, https:\/\/solimcol.com\/wp-content\/uploads\/2024\/12\/77-1024x683.png 1024w, https:\/\/solimcol.com\/wp-content\/uploads\/2024\/12\/77-768x512.png 768w, https:\/\/solimcol.com\/wp-content\/uploads\/2024\/12\/77-600x400.png 600w, https:\/\/solimcol.com\/wp-content\/uploads\/2024\/12\/77.png 1200w\" sizes=\"(max-width: 300px) 100vw, 300px\" \/>\t\t\t\t\t\t\t\t\t\t\t\t\t\t\t<\/div>\n\t\t\t\t<\/div>\n\t\t<div class=\"elementor-element elementor-element-23abd6a e-con-full e-flex e-con e-child\" data-id=\"23abd6a\" data-element_type=\"container\" data-settings=\"{&quot;content_width&quot;:&quot;full&quot;}\">\n\t\t\t\t<div class=\"elementor-element elementor-element-2229684 animated-slow elementor-invisible elementor-widget elementor-widget-heading\" data-id=\"2229684\" data-element_type=\"widget\" data-settings=\"{&quot;_animation&quot;:&quot;slideInUp&quot;}\" data-widget_type=\"heading.default\">\n\t\t\t\t<div class=\"elementor-widget-container\">\n\t\t\t<h2 class=\"elementor-heading-title elementor-size-default\">Crecimiento y Expansi\u00f3n<\/h2>\t\t<\/div>\n\t\t\t\t<\/div>\n\t\t\t\t<div class=\"elementor-element elementor-element-4d72709 elementor-widget elementor-widget-text-editor\" data-id=\"4d72709\" data-element_type=\"widget\" data-widget_type=\"text-editor.default\">\n\t\t\t\t<div class=\"elementor-widget-container\">\n\t\t\t\t\t\t\t<p>A medida que nuestra reputaci\u00f3n crec\u00eda, tambi\u00e9n lo hac\u00eda nuestra empresa. <strong>Con un enfoque implacable en la calidad y la satisfacci\u00f3n del cliente,<\/strong> r\u00e1pidamente nos ganamos la confianza de una amplia base de clientes y expandimos nuestros servicios a <strong>nuevas \u00e1reas geogr\u00e1ficas y sectores industriales.<\/strong><\/p>\t\t\t\t\t\t<\/div>\n\t\t\t\t<\/div>\n\t\t\t\t<\/div>\n\t\t\t\t<\/div>\n\t\t<div class=\"elementor-element elementor-element-1905ee2 e-con-full e-flex e-con e-parent\" data-id=\"1905ee2\" data-element_type=\"container\" data-settings=\"{&quot;background_background&quot;:&quot;classic&quot;,&quot;content_width&quot;:&quot;full&quot;}\" data-core-v316-plus=\"true\">\n\t\t<div class=\"elementor-element elementor-element-c130eba e-con-full e-flex e-con e-child\" data-id=\"c130eba\" data-element_type=\"container\" data-settings=\"{&quot;content_width&quot;:&quot;full&quot;}\">\n\t\t\t\t<div class=\"elementor-element elementor-element-869146b animated-slow elementor-invisible elementor-widget elementor-widget-heading\" data-id=\"869146b\" data-element_type=\"widget\" data-settings=\"{&quot;_animation&quot;:&quot;slideInUp&quot;}\" data-widget_type=\"heading.default\">\n\t\t\t\t<div class=\"elementor-widget-container\">\n\t\t\t<h2 class=\"elementor-heading-title elementor-size-default\">Innovaci\u00f3n Continua<\/h2>\t\t<\/div>\n\t\t\t\t<\/div>\n\t\t\t\t<div class=\"elementor-element elementor-element-5320482 elementor-widget elementor-widget-text-editor\" data-id=\"5320482\" data-element_type=\"widget\" data-widget_type=\"text-editor.default\">\n\t\t\t\t<div class=\"elementor-widget-container\">\n\t\t\t\t\t\t\t<p>Desde nuestros primeros d\u00edas, <strong>hemos estado a la vanguardia de la innovaci\u00f3n en la industria de los productos de aseo y limpieza.<\/strong> Ya sea mediante la adopci\u00f3n de <strong>nuevas tecnolog\u00edas,<\/strong> el desarrollo de m\u00e9todos de limpieza m\u00e1s eficientes o la incorporaci\u00f3n de pr\u00e1cticas sostenibles, nos esforzamos por ofrecer soluciones innovadoras que mejoren la eficacia y la sostenibilidad de nuestros servicios.<\/p>\t\t\t\t\t\t<\/div>\n\t\t\t\t<\/div>\n\t\t\t\t<\/div>\n\t\t\t\t<div class=\"elementor-element elementor-element-955a128 elementor-widget elementor-widget-image\" data-id=\"955a128\" data-element_type=\"widget\" data-widget_type=\"image.default\">\n\t\t\t\t<div class=\"elementor-widget-container\">\n\t\t\t\t\t\t\t\t\t\t\t\t\t\t\t<img loading=\"lazy\" decoding=\"async\" width=\"300\" height=\"200\" src=\"https:\/\/solimcol.com\/wp-content\/uploads\/2024\/12\/345-300x200.png\" class=\"attachment-medium size-medium wp-image-1174\" alt=\"\" srcset=\"https:\/\/solimcol.com\/wp-content\/uploads\/2024\/12\/345-300x200.png 300w, https:\/\/solimcol.com\/wp-content\/uploads\/2024\/12\/345-1024x683.png 1024w, https:\/\/solimcol.com\/wp-content\/uploads\/2024\/12\/345-768x512.png 768w, https:\/\/solimcol.com\/wp-content\/uploads\/2024\/12\/345-600x400.png 600w, https:\/\/solimcol.com\/wp-content\/uploads\/2024\/12\/345.png 1200w\" sizes=\"(max-width: 300px) 100vw, 300px\" \/>\t\t\t\t\t\t\t\t\t\t\t\t\t\t\t<\/div>\n\t\t\t\t<\/div>\n\t\t\t\t<\/div>\n\t\t<div class=\"elementor-element elementor-element-fd2090d e-con-full e-flex e-con e-parent\" data-id=\"fd2090d\" data-element_type=\"container\" data-settings=\"{&quot;background_background&quot;:&quot;classic&quot;,&quot;content_width&quot;:&quot;full&quot;}\" data-core-v316-plus=\"true\">\n\t\t\t\t<div class=\"elementor-element elementor-element-5d2e9e3 elementor-widget elementor-widget-image\" data-id=\"5d2e9e3\" data-element_type=\"widget\" data-widget_type=\"image.default\">\n\t\t\t\t<div class=\"elementor-widget-container\">\n\t\t\t\t\t\t\t\t\t\t\t\t\t\t\t<img loading=\"lazy\" decoding=\"async\" width=\"300\" height=\"200\" src=\"https:\/\/solimcol.com\/wp-content\/uploads\/2024\/12\/98-300x200.png\" class=\"attachment-medium size-medium wp-image-1175\" alt=\"\" srcset=\"https:\/\/solimcol.com\/wp-content\/uploads\/2024\/12\/98-300x200.png 300w, https:\/\/solimcol.com\/wp-content\/uploads\/2024\/12\/98-1024x683.png 1024w, https:\/\/solimcol.com\/wp-content\/uploads\/2024\/12\/98-768x512.png 768w, https:\/\/solimcol.com\/wp-content\/uploads\/2024\/12\/98-600x400.png 600w, https:\/\/solimcol.com\/wp-content\/uploads\/2024\/12\/98.png 1200w\" sizes=\"(max-width: 300px) 100vw, 300px\" \/>\t\t\t\t\t\t\t\t\t\t\t\t\t\t\t<\/div>\n\t\t\t\t<\/div>\n\t\t<div class=\"elementor-element elementor-element-ce4060d e-con-full e-flex e-con e-child\" data-id=\"ce4060d\" data-element_type=\"container\" data-settings=\"{&quot;content_width&quot;:&quot;full&quot;}\">\n\t\t\t\t<div class=\"elementor-element elementor-element-14a5350 animated-slow elementor-invisible elementor-widget elementor-widget-heading\" data-id=\"14a5350\" data-element_type=\"widget\" data-settings=\"{&quot;_animation&quot;:&quot;slideInUp&quot;}\" data-widget_type=\"heading.default\">\n\t\t\t\t<div class=\"elementor-widget-container\">\n\t\t\t<h2 class=\"elementor-heading-title elementor-size-default\">Compromiso con la Excelencia<\/h2>\t\t<\/div>\n\t\t\t\t<\/div>\n\t\t\t\t<div class=\"elementor-element elementor-element-6d508b6 elementor-widget elementor-widget-text-editor\" data-id=\"6d508b6\" data-element_type=\"widget\" data-widget_type=\"text-editor.default\">\n\t\t\t\t<div class=\"elementor-widget-container\">\n\t\t\t\t\t\t\t<p>A lo largo de los a\u00f1os, hemos mantenido <strong>nuestro compromiso con la excelencia en todo lo que hacemos.<\/strong> Desde la <strong>selecci\u00f3n de productos de limpieza de la m\u00e1s alta calidad hasta la capacitaci\u00f3n continua de nuestro personal,<\/strong> nos esforzamos por ofrecer un servicio excepcional que supere las expectativas de nuestros clientes y fomente relaciones duraderas y mutuamente beneficiosas.<\/p>\t\t\t\t\t\t<\/div>\n\t\t\t\t<\/div>\n\t\t\t\t<\/div>\n\t\t\t\t<\/div>\n\t\t<div class=\"elementor-element elementor-element-ad3e9c5 e-con-full e-flex e-con e-parent\" data-id=\"ad3e9c5\" data-element_type=\"container\" data-settings=\"{&quot;background_background&quot;:&quot;classic&quot;,&quot;content_width&quot;:&quot;full&quot;}\" data-core-v316-plus=\"true\">\n\t\t<div class=\"elementor-element elementor-element-af58e12 e-con-full e-flex e-con e-child\" data-id=\"af58e12\" data-element_type=\"container\" data-settings=\"{&quot;content_width&quot;:&quot;full&quot;}\">\n\t\t\t\t<div class=\"elementor-element elementor-element-5bf588b animated-slow elementor-invisible elementor-widget elementor-widget-heading\" data-id=\"5bf588b\" data-element_type=\"widget\" data-settings=\"{&quot;_animation&quot;:&quot;slideInUp&quot;}\" data-widget_type=\"heading.default\">\n\t\t\t\t<div class=\"elementor-widget-container\">\n\t\t\t<h2 class=\"elementor-heading-title elementor-size-default\">Mirando hacia el Futuro<\/h2>\t\t<\/div>\n\t\t\t\t<\/div>\n\t\t\t\t<div class=\"elementor-element elementor-element-8a0386f elementor-widget elementor-widget-text-editor\" data-id=\"8a0386f\" data-element_type=\"widget\" data-widget_type=\"text-editor.default\">\n\t\t\t\t<div class=\"elementor-widget-container\">\n\t\t\t\t\t\t\t<p>A medida que miramos hacia el futuro, estamos emocionados por las oportunidades que nos esperan. <strong>Continuaremos buscando nuevas formas de innovar y mejorar, manteniendo siempre nuestro compromiso con la calidad, la integridad y la satisfacci\u00f3n del cliente<\/strong> en el centro de todo lo que hacemos. Con cada paso que damos, reafirmamos nuestro compromiso de ser <strong>l\u00edderes en la industria de soluciones de limpieza.<\/strong><\/p>\t\t\t\t\t\t<\/div>\n\t\t\t\t<\/div>\n\t\t\t\t<\/div>\n\t\t\t\t<div class=\"elementor-element elementor-element-f07c924 elementor-widget elementor-widget-image\" data-id=\"f07c924\" data-element_type=\"widget\" data-widget_type=\"image.default\">\n\t\t\t\t<div class=\"elementor-widget-container\">\n\t\t\t\t\t\t\t\t\t\t\t\t\t\t\t<img loading=\"lazy\" decoding=\"async\" width=\"300\" height=\"200\" src=\"https:\/\/solimcol.com\/wp-content\/uploads\/2024\/12\/100-300x200.png\" class=\"attachment-medium size-medium wp-image-1176\" alt=\"\" srcset=\"https:\/\/solimcol.com\/wp-content\/uploads\/2024\/12\/100-300x200.png 300w, https:\/\/solimcol.com\/wp-content\/uploads\/2024\/12\/100-1024x683.png 1024w, https:\/\/solimcol.com\/wp-content\/uploads\/2024\/12\/100-768x512.png 768w, https:\/\/solimcol.com\/wp-content\/uploads\/2024\/12\/100-600x400.png 600w, https:\/\/solimcol.com\/wp-content\/uploads\/2024\/12\/100.png 1200w\" sizes=\"(max-width: 300px) 100vw, 300px\" \/>\t\t\t\t\t\t\t\t\t\t\t\t\t\t\t<\/div>\n\t\t\t\t<\/div>\n\t\t\t\t<\/div>\n\t\t<div class=\"elementor-element elementor-element-93f68fe e-flex e-con-boxed e-con e-parent\" data-id=\"93f68fe\" data-element_type=\"container\" data-settings=\"{&quot;content_width&quot;:&quot;boxed&quot;}\" data-core-v316-plus=\"true\">\n\t\t\t\t\t<div class=\"e-con-inner\">\n\t\t\t\t\t<\/div>\n\t\t\t\t<\/div>\n\t\t\t\t\t\t\t<\/div>\n\t\t","protected":false},"excerpt":{"rendered":"<p>Misi\u00f3n \u00a1Hacemos Un Cliente, No Una Venta! SOLIMCOL\u00a0es una empresa dedicada a la comercializaci\u00f3n de productos para el aseo en ambientes de la industria, instituciones y el hogar, con excelente calidad y tecnolog\u00eda, buscando sobrepasar las expectativas de los clientes; para ello cuenta con una cultura de mejoramiento continuo, un talento humano capacitado y comprometido, [&hellip;]<\/p>\n","protected":false},"author":1,"featured_media":0,"parent":0,"menu_order":1,"comment_status":"closed","ping_status":"closed","template":"","meta":{"om_disable_all_campaigns":false,"_monsterinsights_skip_tracking":false,"_monsterinsights_sitenote_active":false,"_monsterinsights_sitenote_note":"","_monsterinsights_sitenote_category":0,"footnotes":""},"aioseo_notices":[],"_links":{"self":[{"href":"https:\/\/solimcol.com\/index.php\/wp-json\/wp\/v2\/pages\/11"}],"collection":[{"href":"https:\/\/solimcol.com\/index.php\/wp-json\/wp\/v2\/pages"}],"about":[{"href":"https:\/\/solimcol.com\/index.php\/wp-json\/wp\/v2\/types\/page"}],"author":[{"embeddable":true,"href":"https:\/\/solimcol.com\/index.php\/wp-json\/wp\/v2\/users\/1"}],"replies":[{"embeddable":true,"href":"https:\/\/solimcol.com\/index.php\/wp-json\/wp\/v2\/comments?post=11"}],"version-history":[{"count":37,"href":"https:\/\/solimcol.com\/index.php\/wp-json\/wp\/v2\/pages\/11\/revisions"}],"predecessor-version":[{"id":1307,"href":"https:\/\/solimcol.com\/index.php\/wp-json\/wp\/v2\/pages\/11\/revisions\/1307"}],"wp:attachment":[{"href":"https:\/\/solimcol.com\/index.php\/wp-json\/wp\/v2\/media?parent=11"}],"curies":[{"name":"wp","href":"https:\/\/api.w.org\/{rel}","templated":true}]}}